{"id":8960,"date":"2025-06-05T11:46:49","date_gmt":"2025-06-05T16:46:49","guid":{"rendered":"https:\/\/indicatic.org.pa\/?page_id=8960"},"modified":"2025-06-05T11:49:58","modified_gmt":"2025-06-05T16:49:58","slug":"proyectos","status":"publish","type":"page","link":"https:\/\/indicatic.org.pa\/fr\/proyectos\/","title":{"rendered":"Projets"},"content":{"rendered":"<div data-elementor-type=\"wp-page\" data-elementor-id=\"8960\" class=\"elementor elementor-8960\">\n\t\t\t\t<div class=\"elementor-element elementor-element-0cc3047 e-flex e-con-boxed e-con e-parent\" data-id=\"0cc3047\" data-element_type=\"container\" data-e-type=\"container\">\n\t\t\t\t\t<div class=\"e-con-inner\">\n\t\t\t\t<div class=\"elementor-element elementor-element-63e7c1e elementor-grid-eael-col-3 elementor-grid-tablet-eael-col-2 elementor-grid-mobile-eael-col-1 elementor-widget elementor-widget-eael-post-grid\" data-id=\"63e7c1e\" data-element_type=\"widget\" data-e-type=\"widget\" data-settings=\"{&quot;eael_post_grid_columns&quot;:&quot;eael-col-3&quot;,&quot;eael_post_grid_columns_tablet&quot;:&quot;eael-col-2&quot;,&quot;eael_post_grid_columns_mobile&quot;:&quot;eael-col-1&quot;}\" data-widget_type=\"eael-post-grid.default\">\n\t\t\t\t\t<div id=\"eael-post-grid-63e7c1e\" class=\"eael-post-grid-container\">\n            <div class=\"eael-post-grid eael-post-appender eael-post-appender-63e7c1e eael-post-grid-style-two\" data-layout-mode=\"grid\"><article class=\"eael-grid-post  eael-post-grid-column eael-pg-post-9691\" data-id=\"9691\">\n    <div class=\"eael-grid-post-holder\">\n        <div class=\"eael-grid-post-holder-inner\"><div class=\"eael-entry-media\"><div class=\"eael-entry-overlay fade-in\"><i class=\"fas fa-long-arrow-alt-right\" aria-hidden=\"true\"><\/i><a href=\"https:\/\/indicatic.org.pa\/fr\/proyecto\/estancias-2026-indicatic\/\"><\/a><\/div><div class=\"eael-entry-thumbnail\">\n                            <img fetchpriority=\"high\" decoding=\"async\" width=\"600\" height=\"600\" src=\"https:\/\/indicatic.org.pa\/wp-content\/uploads\/2025\/12\/Diseno-sin-titulo-38-600x600.png\" class=\"attachment-medium size-medium wp-image-9712\" alt=\"s\u00e9jours acad\u00e9miques INDICATIQUE PIA 2026\" srcset=\"https:\/\/indicatic.org.pa\/wp-content\/uploads\/2025\/12\/Diseno-sin-titulo-38-600x600.png 600w, https:\/\/indicatic.org.pa\/wp-content\/uploads\/2025\/12\/Diseno-sin-titulo-38-1024x1024.png 1024w, https:\/\/indicatic.org.pa\/wp-content\/uploads\/2025\/12\/Diseno-sin-titulo-38-150x150.png 150w, https:\/\/indicatic.org.pa\/wp-content\/uploads\/2025\/12\/Diseno-sin-titulo-38-768x768.png 768w, https:\/\/indicatic.org.pa\/wp-content\/uploads\/2025\/12\/Diseno-sin-titulo-38-12x12.png 12w, https:\/\/indicatic.org.pa\/wp-content\/uploads\/2025\/12\/Diseno-sin-titulo-38-700x700.png 700w, https:\/\/indicatic.org.pa\/wp-content\/uploads\/2025\/12\/Diseno-sin-titulo-38-100x100.png 100w, https:\/\/indicatic.org.pa\/wp-content\/uploads\/2025\/12\/Diseno-sin-titulo-38.png 1080w\" sizes=\"(max-width: 600px) 100vw, 600px\" \/>\n                            <\/div>\n                    <\/div><div class=\"eael-entry-wrapper\"><header class=\"eael-entry-header\"><h2 class=\"eael-entry-title\"><a class=\"eael-grid-post-link\" href=\"https:\/\/indicatic.org.pa\/fr\/proyecto\/estancias-2026-indicatic\/\" title=\"Programa de Estancias Nacionales e Internacionales INDICATIC AIP para estudiantes universitarios\">Programa de Estancias Nacionales e Internacionales INDICATIC AIP para estudiantes universitarios<\/a><\/h2><\/header><div class=\"eael-entry-content\">\n                                <div class=\"eael-grid-post-excerpt\"><a href=\"https:\/\/indicatic.org.pa\/fr\/proyecto\/estancias-2026-indicatic\/\" class=\"eael-post-elements-readmore-btn\">Leer m\u00e1s<\/a><\/div>\n                            <\/div><\/div><\/div>\n    <\/div>\n<\/article><article class=\"eael-grid-post  eael-post-grid-column eael-pg-post-9533\" data-id=\"9533\">\n    <div class=\"eael-grid-post-holder\">\n        <div class=\"eael-grid-post-holder-inner\"><div class=\"eael-entry-media\"><div class=\"eael-entry-overlay fade-in\"><i class=\"fas fa-long-arrow-alt-right\" aria-hidden=\"true\"><\/i><a href=\"https:\/\/indicatic.org.pa\/fr\/proyecto\/primera-estacion-de-contaminacion-luminica-en-panama\/\"><\/a><\/div><div class=\"eael-entry-thumbnail\">\n                            <img decoding=\"async\" width=\"600\" height=\"600\" src=\"https:\/\/indicatic.org.pa\/wp-content\/uploads\/2025\/11\/wordpress-contaminacion-1-600x600.png\" class=\"attachment-medium size-medium wp-image-9624\" alt=\"Pollution lumineuse dans le bassin versant du canal de Panama. @TropicalALAN_Lab_PTY #environnement #ropical #alan\" srcset=\"https:\/\/indicatic.org.pa\/wp-content\/uploads\/2025\/11\/wordpress-contaminacion-1-600x600.png 600w, https:\/\/indicatic.org.pa\/wp-content\/uploads\/2025\/11\/wordpress-contaminacion-1-1024x1024.png 1024w, https:\/\/indicatic.org.pa\/wp-content\/uploads\/2025\/11\/wordpress-contaminacion-1-150x150.png 150w, https:\/\/indicatic.org.pa\/wp-content\/uploads\/2025\/11\/wordpress-contaminacion-1-768x768.png 768w, https:\/\/indicatic.org.pa\/wp-content\/uploads\/2025\/11\/wordpress-contaminacion-1-12x12.png 12w, https:\/\/indicatic.org.pa\/wp-content\/uploads\/2025\/11\/wordpress-contaminacion-1-700x700.png 700w, https:\/\/indicatic.org.pa\/wp-content\/uploads\/2025\/11\/wordpress-contaminacion-1-100x100.png 100w, https:\/\/indicatic.org.pa\/wp-content\/uploads\/2025\/11\/wordpress-contaminacion-1.png 1200w\" sizes=\"(max-width: 600px) 100vw, 600px\" \/>\n                            <\/div>\n                    <\/div><div class=\"eael-entry-wrapper\"><header class=\"eael-entry-header\"><h2 class=\"eael-entry-title\"><a class=\"eael-grid-post-link\" href=\"https:\/\/indicatic.org.pa\/fr\/proyecto\/primera-estacion-de-contaminacion-luminica-en-panama\/\" title=\"Premi\u00e8re station de mesure de la pollution lumineuse au Panama\">Premi\u00e8re station de mesure de la pollution lumineuse au Panama<\/a><\/h2><\/header><div class=\"eael-entry-content\">\n                                <div class=\"eael-grid-post-excerpt\"><a href=\"https:\/\/indicatic.org.pa\/fr\/proyecto\/primera-estacion-de-contaminacion-luminica-en-panama\/\" class=\"eael-post-elements-readmore-btn\">Leer m\u00e1s<\/a><\/div>\n                            <\/div><\/div><\/div>\n    <\/div>\n<\/article><article class=\"eael-grid-post  eael-post-grid-column eael-pg-post-8786\" data-id=\"8786\">\n    <div class=\"eael-grid-post-holder\">\n        <div class=\"eael-grid-post-holder-inner\"><div class=\"eael-entry-media\"><div class=\"eael-entry-overlay fade-in\"><i class=\"fas fa-long-arrow-alt-right\" aria-hidden=\"true\"><\/i><a href=\"https:\/\/indicatic.org.pa\/fr\/proyecto\/desarrollo-del-primer-modelo-de-seguimiento-de-vehiculos-en-panama-empleando-modelos-basados-en-datos-y-modelos-clasicos\/\"><\/a><\/div><div class=\"eael-entry-thumbnail\">\n                            <img decoding=\"async\" width=\"600\" height=\"600\" src=\"https:\/\/indicatic.org.pa\/wp-content\/uploads\/2025\/05\/Portada-indicatic-e1747842011481-600x600.jpeg\" class=\"attachment-medium size-medium wp-image-8791\" alt=\"Aplicaci\u00f3n de IA en Transporte\" srcset=\"https:\/\/indicatic.org.pa\/wp-content\/uploads\/2025\/05\/Portada-indicatic-e1747842011481-600x600.jpeg 600w, https:\/\/indicatic.org.pa\/wp-content\/uploads\/2025\/05\/Portada-indicatic-e1747842011481-150x150.jpeg 150w, https:\/\/indicatic.org.pa\/wp-content\/uploads\/2025\/05\/Portada-indicatic-e1747842011481-768x768.jpeg 768w, https:\/\/indicatic.org.pa\/wp-content\/uploads\/2025\/05\/Portada-indicatic-e1747842011481-12x12.jpeg 12w, https:\/\/indicatic.org.pa\/wp-content\/uploads\/2025\/05\/Portada-indicatic-e1747842011481-700x700.jpeg 700w, https:\/\/indicatic.org.pa\/wp-content\/uploads\/2025\/05\/Portada-indicatic-e1747842011481-100x100.jpeg 100w, https:\/\/indicatic.org.pa\/wp-content\/uploads\/2025\/05\/Portada-indicatic-e1747842011481-300x300.jpeg 300w, https:\/\/indicatic.org.pa\/wp-content\/uploads\/2025\/05\/Portada-indicatic-e1747842011481-400x400.jpeg 400w, https:\/\/indicatic.org.pa\/wp-content\/uploads\/2025\/05\/Portada-indicatic-e1747842011481.jpeg 960w\" sizes=\"(max-width: 600px) 100vw, 600px\" \/>\n                            <\/div>\n                    <\/div><div class=\"eael-entry-wrapper\"><header class=\"eael-entry-header\"><h2 class=\"eael-entry-title\"><a class=\"eael-grid-post-link\" href=\"https:\/\/indicatic.org.pa\/fr\/proyecto\/desarrollo-del-primer-modelo-de-seguimiento-de-vehiculos-en-panama-empleando-modelos-basados-en-datos-y-modelos-clasicos\/\" title=\"Desarrollo del Primer Modelo de Seguimiento de Veh\u00edculos en Panam\u00e1 Empleando Modelos Basados en Datos y Modelos Cl\u00e1sicos\">Desarrollo del Primer Modelo de Seguimiento de Veh\u00edculos en Panam\u00e1 Empleando Modelos Basados en Datos y Modelos Cl\u00e1sicos<\/a><\/h2><\/header><div class=\"eael-entry-content\">\n                                <div class=\"eael-grid-post-excerpt\"><a href=\"https:\/\/indicatic.org.pa\/fr\/proyecto\/desarrollo-del-primer-modelo-de-seguimiento-de-vehiculos-en-panama-empleando-modelos-basados-en-datos-y-modelos-clasicos\/\" class=\"eael-post-elements-readmore-btn\">Leer m\u00e1s<\/a><\/div>\n                            <\/div><\/div><\/div>\n    <\/div>\n<\/article><\/div>\n            <div class=\"clearfix\"><\/div>\n        <\/div>\t\t\t\t<\/div>\n\t\t\t\t\t<\/div>\n\t\t\t\t<\/div>\n\t\t\t\t<\/div>","protected":false},"excerpt":{"rendered":"<p>Desarrollo del Primer Modelo de Seguimiento de Veh\u00edculos en Panam\u00e1 Empleando Modelos Basados en Datos y Modelos Cl\u00e1sicos Leer m\u00e1s<\/p>","protected":false},"author":2,"featured_media":0,"parent":0,"menu_order":0,"comment_status":"closed","ping_status":"closed","template":"","meta":{"_acf_changed":false,"inline_featured_image":false,"wpupg_custom_link":[],"wpupg_custom_link_behaviour":["default"],"wpupg_custom_link_nofollow":["default"],"wpupg_custom_image":[],"wpupg_custom_image_id":[],"_price":"","_stock":"","_tribe_ticket_header":"","_tribe_default_ticket_provider":"","_tribe_ticket_capacity":"0","_ticket_start_date":"","_ticket_end_date":"","_tribe_ticket_show_description":"","_tribe_ticket_show_not_going":false,"_tribe_ticket_use_global_stock":"","_tribe_ticket_global_stock_level":"","_global_stock_mode":"","_global_stock_cap":"","_tribe_rsvp_for_event":"","_tribe_ticket_going_count":"","_tribe_ticket_not_going_count":"","_tribe_tickets_list":"[]","_tribe_ticket_has_attendee_info_fields":false,"footnotes":"","_tec_slr_enabled":"","_tec_slr_layout":""},"class_list":["post-8960","page","type-page","status-publish","hentry"],"acf":[],"yoast_head":"<!-- This site is optimized with the Yoast SEO plugin v27.6 - https:\/\/yoast.com\/product\/yoast-seo-wordpress\/ -->\n<title>Proyectos - INDICATIC AIP<\/title>\n<meta name=\"robots\" content=\"index, follow, max-snippet:-1, max-image-preview:large, max-video-preview:-1\" \/>\n<link rel=\"canonical\" href=\"https:\/\/indicatic.org.pa\/fr\/proyectos\/\" \/>\n<meta property=\"og:locale\" content=\"fr_FR\" \/>\n<meta property=\"og:type\" content=\"article\" \/>\n<meta property=\"og:title\" content=\"Proyectos - INDICATIC AIP\" \/>\n<meta property=\"og:description\" content=\"Desarrollo del Primer Modelo de Seguimiento de Veh\u00edculos en Panam\u00e1 Empleando Modelos Basados en Datos y Modelos Cl\u00e1sicos Leer m\u00e1s\" \/>\n<meta property=\"og:url\" content=\"https:\/\/indicatic.org.pa\/fr\/proyectos\/\" \/>\n<meta property=\"og:site_name\" content=\"INDICATIC AIP\" \/>\n<meta property=\"article:publisher\" content=\"https:\/\/www.facebook.com\/indicaticaip\" \/>\n<meta property=\"article:modified_time\" content=\"2025-06-05T16:49:58+00:00\" \/>\n<meta property=\"og:image\" content=\"https:\/\/indicatic.org.pa\/wp-content\/uploads\/2025\/05\/Portada-indicatic-e1747842011481.jpeg\" \/>\n\t<meta property=\"og:image:width\" content=\"960\" \/>\n\t<meta property=\"og:image:height\" content=\"960\" \/>\n\t<meta property=\"og:image:type\" content=\"image\/jpeg\" \/>\n<meta name=\"twitter:card\" content=\"summary_large_image\" \/>\n<meta name=\"twitter:site\" content=\"@indicaticaip\" \/>\n<meta name=\"twitter:label1\" content=\"Dur\u00e9e de lecture estim\u00e9e\" \/>\n\t<meta name=\"twitter:data1\" content=\"1 minute\" \/>\n<script type=\"application\/ld+json\" class=\"yoast-schema-graph\">{\"@context\":\"https:\\\/\\\/schema.org\",\"@graph\":[{\"@type\":\"WebPage\",\"@id\":\"https:\\\/\\\/indicatic.org.pa\\\/proyectos\\\/\",\"url\":\"https:\\\/\\\/indicatic.org.pa\\\/proyectos\\\/\",\"name\":\"Proyectos - INDICATIC AIP\",\"isPartOf\":{\"@id\":\"https:\\\/\\\/indicatic.org.pa\\\/#website\"},\"primaryImageOfPage\":{\"@id\":\"https:\\\/\\\/indicatic.org.pa\\\/proyectos\\\/#primaryimage\"},\"image\":{\"@id\":\"https:\\\/\\\/indicatic.org.pa\\\/proyectos\\\/#primaryimage\"},\"thumbnailUrl\":\"https:\\\/\\\/indicatic.org.pa\\\/wp-content\\\/uploads\\\/2025\\\/05\\\/Portada-indicatic-e1747842011481-600x600.jpeg\",\"datePublished\":\"2025-06-05T16:46:49+00:00\",\"dateModified\":\"2025-06-05T16:49:58+00:00\",\"breadcrumb\":{\"@id\":\"https:\\\/\\\/indicatic.org.pa\\\/proyectos\\\/#breadcrumb\"},\"inLanguage\":\"fr-FR\",\"potentialAction\":[{\"@type\":\"ReadAction\",\"target\":[\"https:\\\/\\\/indicatic.org.pa\\\/proyectos\\\/\"]}]},{\"@type\":\"ImageObject\",\"inLanguage\":\"fr-FR\",\"@id\":\"https:\\\/\\\/indicatic.org.pa\\\/proyectos\\\/#primaryimage\",\"url\":\"https:\\\/\\\/indicatic.org.pa\\\/wp-content\\\/uploads\\\/2025\\\/05\\\/Portada-indicatic-e1747842011481-600x600.jpeg\",\"contentUrl\":\"https:\\\/\\\/indicatic.org.pa\\\/wp-content\\\/uploads\\\/2025\\\/05\\\/Portada-indicatic-e1747842011481-600x600.jpeg\"},{\"@type\":\"BreadcrumbList\",\"@id\":\"https:\\\/\\\/indicatic.org.pa\\\/proyectos\\\/#breadcrumb\",\"itemListElement\":[{\"@type\":\"ListItem\",\"position\":1,\"name\":\"Portada\",\"item\":\"https:\\\/\\\/indicatic.org.pa\\\/\"},{\"@type\":\"ListItem\",\"position\":2,\"name\":\"Proyectos\"}]},{\"@type\":\"WebSite\",\"@id\":\"https:\\\/\\\/indicatic.org.pa\\\/#website\",\"url\":\"https:\\\/\\\/indicatic.org.pa\\\/\",\"name\":\"INDICATIC AIP\",\"description\":\"Instituto Nacional de Investigaciones Cient\u00edficas Avanzadas en Tecnolog\u00edas de Informaci\u00f3n y Comunicaci\u00f3n\",\"publisher\":{\"@id\":\"https:\\\/\\\/indicatic.org.pa\\\/#organization\"},\"potentialAction\":[{\"@type\":\"SearchAction\",\"target\":{\"@type\":\"EntryPoint\",\"urlTemplate\":\"https:\\\/\\\/indicatic.org.pa\\\/?s={search_term_string}\"},\"query-input\":{\"@type\":\"PropertyValueSpecification\",\"valueRequired\":true,\"valueName\":\"search_term_string\"}}],\"inLanguage\":\"fr-FR\"},{\"@type\":\"Organization\",\"@id\":\"https:\\\/\\\/indicatic.org.pa\\\/#organization\",\"name\":\"INDICATIC AIP\",\"url\":\"https:\\\/\\\/indicatic.org.pa\\\/\",\"logo\":{\"@type\":\"ImageObject\",\"inLanguage\":\"fr-FR\",\"@id\":\"https:\\\/\\\/indicatic.org.pa\\\/#\\\/schema\\\/logo\\\/image\\\/\",\"url\":\"https:\\\/\\\/indicatic.org.pa\\\/wp-content\\\/uploads\\\/2023\\\/11\\\/LOGO-INDICATIC-AIP.png\",\"contentUrl\":\"https:\\\/\\\/indicatic.org.pa\\\/wp-content\\\/uploads\\\/2023\\\/11\\\/LOGO-INDICATIC-AIP.png\",\"width\":1600,\"height\":427,\"caption\":\"INDICATIC AIP\"},\"image\":{\"@id\":\"https:\\\/\\\/indicatic.org.pa\\\/#\\\/schema\\\/logo\\\/image\\\/\"},\"sameAs\":[\"https:\\\/\\\/www.facebook.com\\\/indicaticaip\",\"https:\\\/\\\/x.com\\\/indicaticaip\"]}]}<\/script>\n<!-- \/ Yoast SEO plugin. -->","yoast_head_json":{"title":"Proyectos - INDICATIC AIP","robots":{"index":"index","follow":"follow","max-snippet":"max-snippet:-1","max-image-preview":"max-image-preview:large","max-video-preview":"max-video-preview:-1"},"canonical":"https:\/\/indicatic.org.pa\/fr\/proyectos\/","og_locale":"fr_FR","og_type":"article","og_title":"Proyectos - INDICATIC AIP","og_description":"Desarrollo del Primer Modelo de Seguimiento de Veh\u00edculos en Panam\u00e1 Empleando Modelos Basados en Datos y Modelos Cl\u00e1sicos Leer m\u00e1s","og_url":"https:\/\/indicatic.org.pa\/fr\/proyectos\/","og_site_name":"INDICATIC AIP","article_publisher":"https:\/\/www.facebook.com\/indicaticaip","article_modified_time":"2025-06-05T16:49:58+00:00","og_image":[{"width":960,"height":960,"url":"https:\/\/indicatic.org.pa\/wp-content\/uploads\/2025\/05\/Portada-indicatic-e1747842011481.jpeg","type":"image\/jpeg"}],"twitter_card":"summary_large_image","twitter_site":"@indicaticaip","twitter_misc":{"Dur\u00e9e de lecture estim\u00e9e":"1 minute"},"schema":{"@context":"https:\/\/schema.org","@graph":[{"@type":"WebPage","@id":"https:\/\/indicatic.org.pa\/proyectos\/","url":"https:\/\/indicatic.org.pa\/proyectos\/","name":"Proyectos - INDICATIC AIP","isPartOf":{"@id":"https:\/\/indicatic.org.pa\/#website"},"primaryImageOfPage":{"@id":"https:\/\/indicatic.org.pa\/proyectos\/#primaryimage"},"image":{"@id":"https:\/\/indicatic.org.pa\/proyectos\/#primaryimage"},"thumbnailUrl":"https:\/\/indicatic.org.pa\/wp-content\/uploads\/2025\/05\/Portada-indicatic-e1747842011481-600x600.jpeg","datePublished":"2025-06-05T16:46:49+00:00","dateModified":"2025-06-05T16:49:58+00:00","breadcrumb":{"@id":"https:\/\/indicatic.org.pa\/proyectos\/#breadcrumb"},"inLanguage":"fr-FR","potentialAction":[{"@type":"ReadAction","target":["https:\/\/indicatic.org.pa\/proyectos\/"]}]},{"@type":"ImageObject","inLanguage":"fr-FR","@id":"https:\/\/indicatic.org.pa\/proyectos\/#primaryimage","url":"https:\/\/indicatic.org.pa\/wp-content\/uploads\/2025\/05\/Portada-indicatic-e1747842011481-600x600.jpeg","contentUrl":"https:\/\/indicatic.org.pa\/wp-content\/uploads\/2025\/05\/Portada-indicatic-e1747842011481-600x600.jpeg"},{"@type":"BreadcrumbList","@id":"https:\/\/indicatic.org.pa\/proyectos\/#breadcrumb","itemListElement":[{"@type":"ListItem","position":1,"name":"Portada","item":"https:\/\/indicatic.org.pa\/"},{"@type":"ListItem","position":2,"name":"Proyectos"}]},{"@type":"WebSite","@id":"https:\/\/indicatic.org.pa\/#website","url":"https:\/\/indicatic.org.pa\/","name":"INDICATIQUE AIP","description":"Institut national de recherche scientifique avanc\u00e9e sur les technologies de l'information et de la communication (NARICIC)","publisher":{"@id":"https:\/\/indicatic.org.pa\/#organization"},"potentialAction":[{"@type":"SearchAction","target":{"@type":"EntryPoint","urlTemplate":"https:\/\/indicatic.org.pa\/?s={search_term_string}"},"query-input":{"@type":"PropertyValueSpecification","valueRequired":true,"valueName":"search_term_string"}}],"inLanguage":"fr-FR"},{"@type":"Organization","@id":"https:\/\/indicatic.org.pa\/#organization","name":"INDICATIQUE AIP","url":"https:\/\/indicatic.org.pa\/","logo":{"@type":"ImageObject","inLanguage":"fr-FR","@id":"https:\/\/indicatic.org.pa\/#\/schema\/logo\/image\/","url":"https:\/\/indicatic.org.pa\/wp-content\/uploads\/2023\/11\/LOGO-INDICATIC-AIP.png","contentUrl":"https:\/\/indicatic.org.pa\/wp-content\/uploads\/2023\/11\/LOGO-INDICATIC-AIP.png","width":1600,"height":427,"caption":"INDICATIC AIP"},"image":{"@id":"https:\/\/indicatic.org.pa\/#\/schema\/logo\/image\/"},"sameAs":["https:\/\/www.facebook.com\/indicaticaip","https:\/\/x.com\/indicaticaip"]}]}},"ticketed":false,"_links":{"self":[{"href":"https:\/\/indicatic.org.pa\/fr\/wp-json\/wp\/v2\/pages\/8960","targetHints":{"allow":["GET"]}}],"collection":[{"href":"https:\/\/indicatic.org.pa\/fr\/wp-json\/wp\/v2\/pages"}],"about":[{"href":"https:\/\/indicatic.org.pa\/fr\/wp-json\/wp\/v2\/types\/page"}],"author":[{"embeddable":true,"href":"https:\/\/indicatic.org.pa\/fr\/wp-json\/wp\/v2\/users\/2"}],"replies":[{"embeddable":true,"href":"https:\/\/indicatic.org.pa\/fr\/wp-json\/wp\/v2\/comments?post=8960"}],"version-history":[{"count":5,"href":"https:\/\/indicatic.org.pa\/fr\/wp-json\/wp\/v2\/pages\/8960\/revisions"}],"predecessor-version":[{"id":8968,"href":"https:\/\/indicatic.org.pa\/fr\/wp-json\/wp\/v2\/pages\/8960\/revisions\/8968"}],"wp:attachment":[{"href":"https:\/\/indicatic.org.pa\/fr\/wp-json\/wp\/v2\/media?parent=8960"}],"curies":[{"name":"wp","href":"https:\/\/api.w.org\/{rel}","templated":true}]}}